{"id":138,"date":"2017-01-23T21:18:47","date_gmt":"2017-01-23T20:18:47","guid":{"rendered":"http:\/\/www.ag1-23soleil.fr\/wp\/?page_id=138"},"modified":"2021-02-02T23:21:35","modified_gmt":"2021-02-02T22:21:35","slug":"loisirs","status":"publish","type":"page","link":"http:\/\/www.ag1-23soleil.fr\/wp\/vivre-avec\/loisirs\/","title":{"rendered":"Loisirs"},"content":{"rendered":"\t\t<div data-elementor-type=\"wp-page\" data-elementor-id=\"138\" class=\"elementor elementor-138\" data-elementor-settings=\"{&quot;ha_cmc_init_switcher&quot;:&quot;no&quot;}\">\n\t\t\t\t\t\t<section class=\"elementor-section elementor-top-section elementor-element elementor-element-daae0f1 elementor-section-stretched elementor-section-boxed elementor-section-height-default elementor-section-height-default\" data-id=\"daae0f1\" data-element_type=\"section\" data-e-type=\"section\" data-settings=\"{&quot;stretch_section&quot;:&quot;section-stretched&quot;,&quot;_ha_eqh_enable&quot;:false}\">\n\t\t\t\t\t\t<div class=\"elementor-container elementor-column-gap-default\">\n\t\t\t\t\t<div class=\"elementor-column elementor-col-100 elementor-top-column elementor-element elementor-element-3e11c41\" data-id=\"3e11c41\" data-element_type=\"column\" data-e-type=\"column\" data-settings=\"{&quot;background_background&quot;:&quot;classic&quot;}\">\n\t\t\t<div class=\"elementor-widget-wrap elementor-element-populated\">\n\t\t\t\t\t\t<div class=\"elementor-element elementor-element-c91d925 elementor-widget elementor-widget-heading\" data-id=\"c91d925\" data-element_type=\"widget\" data-e-type=\"widget\" data-widget_type=\"heading.default\">\n\t\t\t\t<div class=\"elementor-widget-container\">\n\t\t\t\t\t<h1 class=\"elementor-heading-title elementor-size-default\">Loisirs<\/h1>\t\t\t\t<\/div>\n\t\t\t\t<\/div>\n\t\t\t\t<div class=\"elementor-element elementor-element-3d052bd elementor-widget elementor-widget-text-editor\" data-id=\"3d052bd\" data-element_type=\"widget\" data-e-type=\"widget\" data-widget_type=\"text-editor.default\">\n\t\t\t\t<div class=\"elementor-widget-container\">\n\t\t\t\t\t\t\t\t\t<p>Vous retrouverez ici des informations et liens utiles pour vos loisirs.<br \/>N&rsquo;h\u00e9sitez pas nous faire connaitre vos informations qui pourront \u00eatre utiles \u00e0 tous.<\/p><ul><li><a href=\"http:\/\/www.courir-avec.fr\/\" target=\"_blank\" rel=\"noopener noreferrer\">COURIR AVEC<\/a><\/li><\/ul><p>L\u2019association regroupe des b\u00e9n\u00e9voles, tous sportifs (coureurs \u00e0 pied, nageurs, cyclistes) dont l\u2019objectif est de faire partager leur passion \u00e0 de jeunes handicap\u00e9s moteurs et de les faire participer \u00e0 des comp\u00e9titions sportives officielles. COURIR AVEC souhaite d\u00e9montrer par sa participation \u00e0 des comp\u00e9titions sportives de haut niveau, que ce qui est r\u00e9alisable dans un domaine d\u2019exception l\u2019est, \u00e0 plus forte raison, dans la vie de tous les jours. C\u2019est aussi la volont\u00e9 de contribuer \u00e0 l\u2019insertion dans la vie sociale de ceux qui, \u00e0 cause de leur diff\u00e9rence, rencontrent plus de difficult\u00e9s.<\/p><ul><li><a href=\"https:\/\/www.dunespoir.com\/\" target=\"_blank\" rel=\"noopener noreferrer\">DUNES D&rsquo;ESPOIR<\/a><\/li><\/ul><p>N\u00e9e de la volont\u00e9 d\u2019une bande de copains \u00e9pris de course \u00e0 pied, l\u2019association a pour objectif de faire partager cette passion \u00e0 de jeunes handicap\u00e9s. Nous souhaitons d\u00e9montrer par notre participation \u00e0 des comp\u00e9titions sportives de haut niveau que ce qui est r\u00e9alisable dans un domaine d\u2019exception l\u2019est, \u00e0 plus forte raison, dans la vie de tous les jours. C\u2019est aussi la volont\u00e9 de contribuer \u00e0 l\u2019insertion dans la vie sociale de ceux qui, \u00e0 cause de leur diff\u00e9rence, rencontrent plus de difficult\u00e9s.<\/p><ul><li>DISNEYLAND PARIS<\/li><\/ul><p>Ce\u00a0<a href=\"http:\/\/www.ag1-23soleil.fr\/wp\/wp-content\/uploads\/2017\/06\/Disney_Accessibilite.pdf\" target=\"_blank\" rel=\"noopener noreferrer\">guide accessibilit\u00e9<\/a>\u00a0vous aidera \u00e0 organiser votre visite des Parcs Disney.<br \/>Il contient des renseignements sur les am\u00e9nagements et les services destin\u00e9s aux visiteurs ayant des besoins sp\u00e9cifiques.<br \/><a href=\"https:\/\/www.disneylandparis.com\/fr-fr\/services-visiteurs\/visiteurs-avec-handicap\/\" target=\"_blank\" rel=\"noopener noreferrer\">Site d\u00e9di\u00e9<\/a><\/p><ul><li><a href=\"http:\/\/eole.avh.asso.fr\/\" target=\"_blank\" rel=\"noopener noreferrer\">EOLE &#8211; Le Livre audio en direct<\/a><\/li><\/ul><p>Eole est une biblioth\u00e8que num\u00e9rique de livres adapt\u00e9s pour les personnes ne pouvant lire des livres imprim\u00e9s du fait de difficult\u00e9s visuelles, handicap mental ou moteur.<br \/>Eole propose\u00a0<strong>gratuitement<\/strong>\u00a0plusieurs milliers de livres audio de tous genres et de toutes les \u00e9poques.<\/p><ul><li>Handi Char \u00e0 Voile &#8211;\u00a0<a href=\"http:\/\/www.polenautique.org\/handi-char-a-voile\/\" target=\"_blank\" rel=\"noopener\">Pole Nautique Notre Dame de Mont (85)<\/a><\/li><li><a href=\"https:\/\/www.lapierrehandiski.com\/\" target=\"_blank\" rel=\"noopener\">HANDISKI &#8211; La Pierre St Martin (Pyr\u00e9n\u00e9e)<\/a><\/li><li><a href=\"http:\/\/www.larbonambule.com\/\" target=\"_blank\" rel=\"noopener\">L&rsquo;Arbonambule<\/a>\u00a0&#8211; Association bretonne de grimpe d&rsquo;arbres<\/li><li><a href=\"http:\/\/www.loisirs-pluriel.com\/\" target=\"_blank\" rel=\"noopener\">LOISIRS PLURIEL<\/a>\u00a0&#8211; 22 structures en France | Centre de loisirs pour enfants en situation de handicap ou valides.<\/li><li><a href=\"https:\/\/www.reseau-passerelles.org\/#!\/\" target=\"_blank\" rel=\"noopener\">RESEAU PASSERELLES<\/a>\u00a0&#8211; Partir en vacances avec son enfant handicap\u00e9<\/li><\/ul><p><strong>\u00a0<\/strong><\/p><p><strong>LOCATION ADAPTEE TOUT HANDICAP :<\/strong><\/p><ul><li>En Bretagne : <a href=\"https:\/\/www.bretagne-cotedegranitrose.com\/offres\/ker-bubu-tregastel-fr-2960569\/\" target=\"_blank\" rel=\"noopener\">https:\/\/www.bretagne-cotedegranitrose.com\/offres\/ker-bubu-tregastel-fr-2960569\/<\/a><\/li><li>Dans les Pyr\u00e9n\u00e9es :\u00a0<a href=\"https:\/\/pratique.tourisme64.com\/location-de-vacances\/arette\/appartement-bureau\/HLOAQU064V58YKNE.html\" target=\"_blank\" rel=\"noopener\">https:\/\/pratique.tourisme64.com\/location-de-vacances\/arette\/appartement-bureau\/HLOAQU064V58YKNE.html<\/a><\/li><\/ul><div>\u00a0<\/div><p><strong>INFORMATIONS VOYAGE :<\/strong><\/p><p>Lors de vos voyages \u00e0 l&rsquo;\u00e9tranger, en cas d&rsquo;urgence, vous pouvez rep\u00e9rer \u00e0 partir du site ORPHANET dans quels \u00e9tablissements hospitaliers vous pouvez vous rendre.<br \/><a href=\"http:\/\/www.orpha.net\/consor\/www\/cgi-bin\/Clinics.php?lng=FR)\" target=\"_blank\" rel=\"noopener noreferrer\">Lien vers ORPHANET<\/a><\/p><p>Vous pouvez \u00e9galement visualiser la page 16 du guide pour les patients et les familles concern\u00e9s par les aciduries organiques qui pr\u00e9cise quelques informations importantes \u00e0 prendre en compte lors de voyage.<br \/><a href=\"http:\/\/www.ag1-23soleil.fr\/wp\/wp-content\/uploads\/2017\/06\/aciduries_org_FR.pdf\" target=\"_blank\" rel=\"noopener noreferrer\">T\u00e9l\u00e9charger le guide<\/a><\/p>\t\t\t\t\t\t\t\t<\/div>\n\t\t\t\t<\/div>\n\t\t\t\t\t<\/div>\n\t\t<\/div>\n\t\t\t\t\t<\/div>\n\t\t<\/section>\n\t\t\t\t<\/div>\n\t\t","protected":false},"excerpt":{"rendered":"<p>Loisirs Vous retrouverez ici des informations et liens utiles pour vos loisirs.N&rsquo;h\u00e9sitez pas nous faire connaitre vos informations qui pourront \u00eatre utiles \u00e0 tous. COURIR AVEC L\u2019association regroupe des b\u00e9n\u00e9voles, tous sportifs (coureurs \u00e0 pied, nageurs, cyclistes) dont l\u2019objectif est de faire partager leur passion \u00e0 de jeunes handicap\u00e9s moteurs et de les faire participer&hellip;&nbsp;<a href=\"http:\/\/www.ag1-23soleil.fr\/wp\/vivre-avec\/loisirs\/\" rel=\"bookmark\">Lire la suite &raquo;<span class=\"screen-reader-text\">Loisirs<\/span><\/a><\/p>\n","protected":false},"author":2,"featured_media":0,"parent":61,"menu_order":0,"comment_status":"closed","ping_status":"closed","template":"page-templates\/template-pagebuilder-full-width.php","meta":{"neve_meta_sidebar":"","neve_meta_container":"","neve_meta_enable_content_width":"off","neve_meta_content_width":0,"neve_meta_title_alignment":"","neve_meta_author_avatar":"","neve_post_elements_order":"","neve_meta_disable_header":"","neve_meta_disable_footer":"","neve_meta_disable_title":"on","footnotes":""},"class_list":["post-138","page","type-page","status-publish","hentry"],"yoast_head":"<!-- This site is optimized with the Yoast SEO plugin v24.3 - https:\/\/yoast.com\/wordpress\/plugins\/seo\/ -->\n<title>Loisirs - Association AG1-23 SOLEIL<\/title>\n<meta name=\"robots\" content=\"index, follow, max-snippet:-1, max-image-preview:large, max-video-preview:-1\" \/>\n<link rel=\"canonical\" href=\"http:\/\/www.ag1-23soleil.fr\/wp\/vivre-avec\/loisirs\/\" \/>\n<meta property=\"og:locale\" content=\"fr_FR\" \/>\n<meta property=\"og:type\" content=\"article\" \/>\n<meta property=\"og:title\" content=\"Loisirs - Association AG1-23 SOLEIL\" \/>\n<meta property=\"og:description\" content=\"Loisirs Vous retrouverez ici des informations et liens utiles pour vos loisirs.N&rsquo;h\u00e9sitez pas nous faire connaitre vos informations qui pourront \u00eatre utiles \u00e0 tous. COURIR AVEC L\u2019association regroupe des b\u00e9n\u00e9voles, tous sportifs (coureurs \u00e0 pied, nageurs, cyclistes) dont l\u2019objectif est de faire partager leur passion \u00e0 de jeunes handicap\u00e9s moteurs et de les faire participer&hellip;&nbsp;Lire la suite &raquo;Loisirs\" \/>\n<meta property=\"og:url\" content=\"http:\/\/www.ag1-23soleil.fr\/wp\/vivre-avec\/loisirs\/\" \/>\n<meta property=\"og:site_name\" content=\"Association AG1-23 SOLEIL\" \/>\n<meta property=\"article:modified_time\" content=\"2021-02-02T22:21:35+00:00\" \/>\n<meta name=\"twitter:card\" content=\"summary_large_image\" \/>\n<meta name=\"twitter:label1\" content=\"Dur\u00e9e de lecture estim\u00e9e\" \/>\n\t<meta name=\"twitter:data1\" content=\"2 minutes\" \/>\n<script type=\"application\/ld+json\" class=\"yoast-schema-graph\">{\"@context\":\"https:\/\/schema.org\",\"@graph\":[{\"@type\":\"WebPage\",\"@id\":\"http:\/\/www.ag1-23soleil.fr\/wp\/vivre-avec\/loisirs\/\",\"url\":\"http:\/\/www.ag1-23soleil.fr\/wp\/vivre-avec\/loisirs\/\",\"name\":\"Loisirs - Association AG1-23 SOLEIL\",\"isPartOf\":{\"@id\":\"http:\/\/www.ag1-23soleil.fr\/wp\/#website\"},\"datePublished\":\"2017-01-23T20:18:47+00:00\",\"dateModified\":\"2021-02-02T22:21:35+00:00\",\"breadcrumb\":{\"@id\":\"http:\/\/www.ag1-23soleil.fr\/wp\/vivre-avec\/loisirs\/#breadcrumb\"},\"inLanguage\":\"fr-FR\",\"potentialAction\":[{\"@type\":\"ReadAction\",\"target\":[\"http:\/\/www.ag1-23soleil.fr\/wp\/vivre-avec\/loisirs\/\"]}]},{\"@type\":\"BreadcrumbList\",\"@id\":\"http:\/\/www.ag1-23soleil.fr\/wp\/vivre-avec\/loisirs\/#breadcrumb\",\"itemListElement\":[{\"@type\":\"ListItem\",\"position\":1,\"name\":\"Accueil\",\"item\":\"http:\/\/www.ag1-23soleil.fr\/wp\/\"},{\"@type\":\"ListItem\",\"position\":2,\"name\":\"Vivre Avec\",\"item\":\"http:\/\/www.ag1-23soleil.fr\/wp\/vivre-avec\/\"},{\"@type\":\"ListItem\",\"position\":3,\"name\":\"Loisirs\"}]},{\"@type\":\"WebSite\",\"@id\":\"http:\/\/www.ag1-23soleil.fr\/wp\/#website\",\"url\":\"http:\/\/www.ag1-23soleil.fr\/wp\/\",\"name\":\"Association AG1-23 SOLEIL\",\"description\":\"\",\"publisher\":{\"@id\":\"http:\/\/www.ag1-23soleil.fr\/wp\/#organization\"},\"potentialAction\":[{\"@type\":\"SearchAction\",\"target\":{\"@type\":\"EntryPoint\",\"urlTemplate\":\"http:\/\/www.ag1-23soleil.fr\/wp\/?s={search_term_string}\"},\"query-input\":{\"@type\":\"PropertyValueSpecification\",\"valueRequired\":true,\"valueName\":\"search_term_string\"}}],\"inLanguage\":\"fr-FR\"},{\"@type\":\"Organization\",\"@id\":\"http:\/\/www.ag1-23soleil.fr\/wp\/#organization\",\"name\":\"Association AG1-23 SOLEIL\",\"url\":\"http:\/\/www.ag1-23soleil.fr\/wp\/\",\"logo\":{\"@type\":\"ImageObject\",\"inLanguage\":\"fr-FR\",\"@id\":\"http:\/\/www.ag1-23soleil.fr\/wp\/#\/schema\/logo\/image\/\",\"url\":\"http:\/\/www.ag1-23soleil.fr\/wp\/wp-content\/uploads\/2019\/08\/Logo_AG1_200x200.jpg\",\"contentUrl\":\"http:\/\/www.ag1-23soleil.fr\/wp\/wp-content\/uploads\/2019\/08\/Logo_AG1_200x200.jpg\",\"width\":200,\"height\":200,\"caption\":\"Association AG1-23 SOLEIL\"},\"image\":{\"@id\":\"http:\/\/www.ag1-23soleil.fr\/wp\/#\/schema\/logo\/image\/\"}}]}<\/script>\n<!-- \/ Yoast SEO plugin. -->","yoast_head_json":{"title":"Loisirs - Association AG1-23 SOLEIL","robots":{"index":"index","follow":"follow","max-snippet":"max-snippet:-1","max-image-preview":"max-image-preview:large","max-video-preview":"max-video-preview:-1"},"canonical":"http:\/\/www.ag1-23soleil.fr\/wp\/vivre-avec\/loisirs\/","og_locale":"fr_FR","og_type":"article","og_title":"Loisirs - Association AG1-23 SOLEIL","og_description":"Loisirs Vous retrouverez ici des informations et liens utiles pour vos loisirs.N&rsquo;h\u00e9sitez pas nous faire connaitre vos informations qui pourront \u00eatre utiles \u00e0 tous. COURIR AVEC L\u2019association regroupe des b\u00e9n\u00e9voles, tous sportifs (coureurs \u00e0 pied, nageurs, cyclistes) dont l\u2019objectif est de faire partager leur passion \u00e0 de jeunes handicap\u00e9s moteurs et de les faire participer&hellip;&nbsp;Lire la suite &raquo;Loisirs","og_url":"http:\/\/www.ag1-23soleil.fr\/wp\/vivre-avec\/loisirs\/","og_site_name":"Association AG1-23 SOLEIL","article_modified_time":"2021-02-02T22:21:35+00:00","twitter_card":"summary_large_image","twitter_misc":{"Dur\u00e9e de lecture estim\u00e9e":"2 minutes"},"schema":{"@context":"https:\/\/schema.org","@graph":[{"@type":"WebPage","@id":"http:\/\/www.ag1-23soleil.fr\/wp\/vivre-avec\/loisirs\/","url":"http:\/\/www.ag1-23soleil.fr\/wp\/vivre-avec\/loisirs\/","name":"Loisirs - Association AG1-23 SOLEIL","isPartOf":{"@id":"http:\/\/www.ag1-23soleil.fr\/wp\/#website"},"datePublished":"2017-01-23T20:18:47+00:00","dateModified":"2021-02-02T22:21:35+00:00","breadcrumb":{"@id":"http:\/\/www.ag1-23soleil.fr\/wp\/vivre-avec\/loisirs\/#breadcrumb"},"inLanguage":"fr-FR","potentialAction":[{"@type":"ReadAction","target":["http:\/\/www.ag1-23soleil.fr\/wp\/vivre-avec\/loisirs\/"]}]},{"@type":"BreadcrumbList","@id":"http:\/\/www.ag1-23soleil.fr\/wp\/vivre-avec\/loisirs\/#breadcrumb","itemListElement":[{"@type":"ListItem","position":1,"name":"Accueil","item":"http:\/\/www.ag1-23soleil.fr\/wp\/"},{"@type":"ListItem","position":2,"name":"Vivre Avec","item":"http:\/\/www.ag1-23soleil.fr\/wp\/vivre-avec\/"},{"@type":"ListItem","position":3,"name":"Loisirs"}]},{"@type":"WebSite","@id":"http:\/\/www.ag1-23soleil.fr\/wp\/#website","url":"http:\/\/www.ag1-23soleil.fr\/wp\/","name":"Association AG1-23 SOLEIL","description":"","publisher":{"@id":"http:\/\/www.ag1-23soleil.fr\/wp\/#organization"},"potentialAction":[{"@type":"SearchAction","target":{"@type":"EntryPoint","urlTemplate":"http:\/\/www.ag1-23soleil.fr\/wp\/?s={search_term_string}"},"query-input":{"@type":"PropertyValueSpecification","valueRequired":true,"valueName":"search_term_string"}}],"inLanguage":"fr-FR"},{"@type":"Organization","@id":"http:\/\/www.ag1-23soleil.fr\/wp\/#organization","name":"Association AG1-23 SOLEIL","url":"http:\/\/www.ag1-23soleil.fr\/wp\/","logo":{"@type":"ImageObject","inLanguage":"fr-FR","@id":"http:\/\/www.ag1-23soleil.fr\/wp\/#\/schema\/logo\/image\/","url":"http:\/\/www.ag1-23soleil.fr\/wp\/wp-content\/uploads\/2019\/08\/Logo_AG1_200x200.jpg","contentUrl":"http:\/\/www.ag1-23soleil.fr\/wp\/wp-content\/uploads\/2019\/08\/Logo_AG1_200x200.jpg","width":200,"height":200,"caption":"Association AG1-23 SOLEIL"},"image":{"@id":"http:\/\/www.ag1-23soleil.fr\/wp\/#\/schema\/logo\/image\/"}}]}},"_links":{"self":[{"href":"http:\/\/www.ag1-23soleil.fr\/wp\/wp-json\/wp\/v2\/pages\/138","targetHints":{"allow":["GET"]}}],"collection":[{"href":"http:\/\/www.ag1-23soleil.fr\/wp\/wp-json\/wp\/v2\/pages"}],"about":[{"href":"http:\/\/www.ag1-23soleil.fr\/wp\/wp-json\/wp\/v2\/types\/page"}],"author":[{"embeddable":true,"href":"http:\/\/www.ag1-23soleil.fr\/wp\/wp-json\/wp\/v2\/users\/2"}],"replies":[{"embeddable":true,"href":"http:\/\/www.ag1-23soleil.fr\/wp\/wp-json\/wp\/v2\/comments?post=138"}],"version-history":[{"count":30,"href":"http:\/\/www.ag1-23soleil.fr\/wp\/wp-json\/wp\/v2\/pages\/138\/revisions"}],"predecessor-version":[{"id":1869,"href":"http:\/\/www.ag1-23soleil.fr\/wp\/wp-json\/wp\/v2\/pages\/138\/revisions\/1869"}],"up":[{"embeddable":true,"href":"http:\/\/www.ag1-23soleil.fr\/wp\/wp-json\/wp\/v2\/pages\/61"}],"wp:attachment":[{"href":"http:\/\/www.ag1-23soleil.fr\/wp\/wp-json\/wp\/v2\/media?parent=138"}],"curies":[{"name":"wp","href":"https:\/\/api.w.org\/{rel}","templated":true}]}}