{"id":201,"date":"2017-02-21T21:53:22","date_gmt":"2017-02-21T20:53:22","guid":{"rendered":"http:\/\/www.ag1-23soleil.fr\/wp\/?page_id=201"},"modified":"2026-02-27T18:21:54","modified_gmt":"2026-02-27T17:21:54","slug":"adhesions-et-dons","status":"publish","type":"page","link":"http:\/\/www.ag1-23soleil.fr\/wp\/association-2\/adhesions-et-dons\/","title":{"rendered":"Adh\u00e9sions et Dons"},"content":{"rendered":"\t\t<div data-elementor-type=\"wp-page\" data-elementor-id=\"201\" class=\"elementor elementor-201\" data-elementor-settings=\"{&quot;ha_cmc_init_switcher&quot;:&quot;no&quot;}\">\n\t\t\t\t\t\t<section class=\"elementor-section elementor-top-section elementor-element elementor-element-a124ffc elementor-section-stretched elementor-section-boxed elementor-section-height-default elementor-section-height-default\" data-id=\"a124ffc\" data-element_type=\"section\" data-e-type=\"section\" data-settings=\"{&quot;stretch_section&quot;:&quot;section-stretched&quot;,&quot;_ha_eqh_enable&quot;:false}\">\n\t\t\t\t\t\t<div class=\"elementor-container elementor-column-gap-default\">\n\t\t\t\t\t<div class=\"elementor-column elementor-col-100 elementor-top-column elementor-element elementor-element-d95e2bd\" data-id=\"d95e2bd\" data-element_type=\"column\" data-e-type=\"column\" data-settings=\"{&quot;background_background&quot;:&quot;classic&quot;}\">\n\t\t\t<div class=\"elementor-widget-wrap elementor-element-populated\">\n\t\t\t\t\t\t<div class=\"elementor-element elementor-element-9646f7d elementor-widget elementor-widget-heading\" data-id=\"9646f7d\" data-element_type=\"widget\" data-e-type=\"widget\" data-widget_type=\"heading.default\">\n\t\t\t\t<div class=\"elementor-widget-container\">\n\t\t\t\t\t<h1 class=\"elementor-heading-title elementor-size-default\">Adh\u00e9sions et Dons<\/h1>\t\t\t\t<\/div>\n\t\t\t\t<\/div>\n\t\t\t\t<section class=\"elementor-section elementor-inner-section elementor-element elementor-element-6ec0f04 elementor-section-full_width elementor-section-height-default elementor-section-height-default\" data-id=\"6ec0f04\" data-element_type=\"section\" data-e-type=\"section\" data-settings=\"{&quot;_ha_eqh_enable&quot;:false}\">\n\t\t\t\t\t\t<div class=\"elementor-container elementor-column-gap-default\">\n\t\t\t\t\t<div class=\"elementor-column elementor-col-100 elementor-inner-column elementor-element elementor-element-e57ec03\" data-id=\"e57ec03\" data-element_type=\"column\" data-e-type=\"column\">\n\t\t\t<div class=\"elementor-widget-wrap elementor-element-populated\">\n\t\t\t\t\t\t<div class=\"elementor-element elementor-element-da540ea elementor-widget elementor-widget-image\" data-id=\"da540ea\" data-element_type=\"widget\" data-e-type=\"widget\" data-widget_type=\"image.default\">\n\t\t\t\t<div class=\"elementor-widget-container\">\n\t\t\t\t\t\t\t\t\t\t\t\t\t\t\t<img fetchpriority=\"high\" decoding=\"async\" width=\"960\" height=\"350\" src=\"http:\/\/www.ag1-23soleil.fr\/wp\/wp-content\/uploads\/2019\/08\/Slide_015.jpg\" class=\"attachment-large size-large wp-image-814\" alt=\"Association AG1-23SOLEIL\" srcset=\"http:\/\/www.ag1-23soleil.fr\/wp\/wp-content\/uploads\/2019\/08\/Slide_015.jpg 960w, http:\/\/www.ag1-23soleil.fr\/wp\/wp-content\/uploads\/2019\/08\/Slide_015-300x109.jpg 300w, http:\/\/www.ag1-23soleil.fr\/wp\/wp-content\/uploads\/2019\/08\/Slide_015-768x280.jpg 768w\" sizes=\"(max-width: 960px) 100vw, 960px\" \/>\t\t\t\t\t\t\t\t\t\t\t\t\t\t\t<\/div>\n\t\t\t\t<\/div>\n\t\t\t\t<div class=\"elementor-element elementor-element-48fc0a09 elementor-widget elementor-widget-text-editor\" data-id=\"48fc0a09\" data-element_type=\"widget\" data-e-type=\"widget\" data-widget_type=\"text-editor.default\">\n\t\t\t\t<div class=\"elementor-widget-container\">\n\t\t\t\t\t\t\t\t\t<p>Si vous souhaitez soutenir notre association, vous pouvez devenir adh\u00e9rent ou nous faire parvenir un don \u00e0 l\u2019aide du bulletin d&rsquo;adh\u00e9sion et\/ou de don <a href=\"http:\/\/www.ag1-23soleil.fr\/wp\/wp-content\/uploads\/2024\/02\/Bulletin-adhesion-2024.pdf\">T\u00e9l\u00e9charger le bulletin d&rsquo;adh\u00e9sion et de dons 2026<\/a>\u00a0(possibilit\u00e9 de compl\u00e9ter le formulaire directement sur le fichier PDF).<\/p><p>Vous pouvez \u00e9galement adh\u00e9rer ou faire un don en ligne :<\/p>\t\t\t\t\t\t\t\t<\/div>\n\t\t\t\t<\/div>\n\t\t\t\t\t<\/div>\n\t\t<\/div>\n\t\t\t\t\t<\/div>\n\t\t<\/section>\n\t\t\t\t<section class=\"elementor-section elementor-inner-section elementor-element elementor-element-c5264ef elementor-section-boxed elementor-section-height-default elementor-section-height-default\" data-id=\"c5264ef\" data-element_type=\"section\" data-e-type=\"section\" data-settings=\"{&quot;_ha_eqh_enable&quot;:false}\">\n\t\t\t\t\t\t<div class=\"elementor-container elementor-column-gap-default\">\n\t\t\t\t\t<div class=\"elementor-column elementor-col-50 elementor-inner-column elementor-element elementor-element-4a1777b\" data-id=\"4a1777b\" data-element_type=\"column\" data-e-type=\"column\">\n\t\t\t<div class=\"elementor-widget-wrap elementor-element-populated\">\n\t\t\t\t\t\t<div class=\"elementor-element elementor-element-617553a elementor-widget elementor-widget-text-editor\" data-id=\"617553a\" data-element_type=\"widget\" data-e-type=\"widget\" data-widget_type=\"text-editor.default\">\n\t\t\t\t<div class=\"elementor-widget-container\">\n\t\t\t\t\t\t\t\t\t<iframe id=\"haWidget\" allowtransparency=\"true\" src=\"https:\/\/www.helloasso.com\/associations\/ag1-2-3-soleil\/adhesions\/adhesion\/widget-bouton\" style=\"width:100%;height:70px;border:none;\"><\/iframe><div style=\"width:100%;text-align:center;\">Propuls\u00e9 par <a href=\"https:\/\/www.helloasso.com\" rel=\"nofollow\">HelloAsso<\/a><\/div>\t\t\t\t\t\t\t\t<\/div>\n\t\t\t\t<\/div>\n\t\t\t\t\t<\/div>\n\t\t<\/div>\n\t\t\t\t<div class=\"elementor-column elementor-col-50 elementor-inner-column elementor-element elementor-element-7da3165\" data-id=\"7da3165\" data-element_type=\"column\" data-e-type=\"column\">\n\t\t\t<div class=\"elementor-widget-wrap elementor-element-populated\">\n\t\t\t\t\t\t<div class=\"elementor-element elementor-element-cfdab6c elementor-widget elementor-widget-text-editor\" data-id=\"cfdab6c\" data-element_type=\"widget\" data-e-type=\"widget\" data-widget_type=\"text-editor.default\">\n\t\t\t\t<div class=\"elementor-widget-container\">\n\t\t\t\t\t\t\t\t\t<iframe id=\"haWidget\" allowtransparency=\"true\" src=\"https:\/\/www.helloasso.com\/associations\/ag1-2-3-soleil\/formulaires\/2\/widget-bouton\" style=\"width:100%;height:70px;border:none;\"><\/iframe><div style=\"width:100%;text-align:center;\">Propuls\u00e9 par <a href=\"https:\/\/www.helloasso.com\" rel=\"nofollow\">HelloAsso<\/a><\/div>\t\t\t\t\t\t\t\t<\/div>\n\t\t\t\t<\/div>\n\t\t\t\t\t<\/div>\n\t\t<\/div>\n\t\t\t\t\t<\/div>\n\t\t<\/section>\n\t\t\t\t\t<\/div>\n\t\t<\/div>\n\t\t\t\t\t<\/div>\n\t\t<\/section>\n\t\t\t\t<\/div>\n\t\t","protected":false},"excerpt":{"rendered":"<p>Adh\u00e9sions et Dons Si vous souhaitez soutenir notre association, vous pouvez devenir adh\u00e9rent ou nous faire parvenir un don \u00e0 l\u2019aide du bulletin d&rsquo;adh\u00e9sion et\/ou de don T\u00e9l\u00e9charger le bulletin d&rsquo;adh\u00e9sion et de dons 2026\u00a0(possibilit\u00e9 de compl\u00e9ter le formulaire directement sur le fichier PDF). Vous pouvez \u00e9galement adh\u00e9rer ou faire un don en ligne :&hellip;&nbsp;<a href=\"http:\/\/www.ag1-23soleil.fr\/wp\/association-2\/adhesions-et-dons\/\" rel=\"bookmark\">Lire la suite &raquo;<span class=\"screen-reader-text\">Adh\u00e9sions et Dons<\/span><\/a><\/p>\n","protected":false},"author":3,"featured_media":814,"parent":279,"menu_order":0,"comment_status":"closed","ping_status":"closed","template":"page-templates\/template-pagebuilder-full-width.php","meta":{"neve_meta_sidebar":"","neve_meta_container":"","neve_meta_enable_content_width":"off","neve_meta_content_width":0,"neve_meta_title_alignment":"","neve_meta_author_avatar":"","neve_post_elements_order":"","neve_meta_disable_header":"","neve_meta_disable_footer":"","neve_meta_disable_title":"on","footnotes":""},"class_list":["post-201","page","type-page","status-publish","has-post-thumbnail","hentry"],"yoast_head":"<!-- This site is optimized with the Yoast SEO plugin v24.3 - https:\/\/yoast.com\/wordpress\/plugins\/seo\/ -->\n<title>Adh\u00e9sions et Dons - Association AG1-23 SOLEIL<\/title>\n<meta name=\"description\" content=\"Vous voulez adh\u00e9rer ou faire un don, c&#039;est par ici\" \/>\n<meta name=\"robots\" content=\"index, follow, max-snippet:-1, max-image-preview:large, max-video-preview:-1\" \/>\n<link rel=\"canonical\" href=\"http:\/\/www.ag1-23soleil.fr\/wp\/association-2\/adhesions-et-dons\/\" \/>\n<meta property=\"og:locale\" content=\"fr_FR\" \/>\n<meta property=\"og:type\" content=\"article\" \/>\n<meta property=\"og:title\" content=\"Adh\u00e9sions et Dons - Association AG1-23 SOLEIL\" \/>\n<meta property=\"og:description\" content=\"Vous voulez adh\u00e9rer ou faire un don, c&#039;est par ici\" \/>\n<meta property=\"og:url\" content=\"http:\/\/www.ag1-23soleil.fr\/wp\/association-2\/adhesions-et-dons\/\" \/>\n<meta property=\"og:site_name\" content=\"Association AG1-23 SOLEIL\" \/>\n<meta property=\"article:modified_time\" content=\"2026-02-27T17:21:54+00:00\" \/>\n<meta property=\"og:image\" content=\"http:\/\/www.ag1-23soleil.fr\/wp\/wp-content\/uploads\/2019\/08\/Slide_015.jpg\" \/>\n\t<meta property=\"og:image:width\" content=\"960\" \/>\n\t<meta property=\"og:image:height\" content=\"350\" \/>\n\t<meta property=\"og:image:type\" content=\"image\/jpeg\" \/>\n<meta name=\"twitter:card\" content=\"summary_large_image\" \/>\n<meta name=\"twitter:label1\" content=\"Dur\u00e9e de lecture estim\u00e9e\" \/>\n\t<meta name=\"twitter:data1\" content=\"1 minute\" \/>\n<script type=\"application\/ld+json\" class=\"yoast-schema-graph\">{\"@context\":\"https:\/\/schema.org\",\"@graph\":[{\"@type\":\"WebPage\",\"@id\":\"http:\/\/www.ag1-23soleil.fr\/wp\/association-2\/adhesions-et-dons\/\",\"url\":\"http:\/\/www.ag1-23soleil.fr\/wp\/association-2\/adhesions-et-dons\/\",\"name\":\"Adh\u00e9sions et Dons - Association AG1-23 SOLEIL\",\"isPartOf\":{\"@id\":\"http:\/\/www.ag1-23soleil.fr\/wp\/#website\"},\"primaryImageOfPage\":{\"@id\":\"http:\/\/www.ag1-23soleil.fr\/wp\/association-2\/adhesions-et-dons\/#primaryimage\"},\"image\":{\"@id\":\"http:\/\/www.ag1-23soleil.fr\/wp\/association-2\/adhesions-et-dons\/#primaryimage\"},\"thumbnailUrl\":\"http:\/\/www.ag1-23soleil.fr\/wp\/wp-content\/uploads\/2019\/08\/Slide_015.jpg\",\"datePublished\":\"2017-02-21T20:53:22+00:00\",\"dateModified\":\"2026-02-27T17:21:54+00:00\",\"description\":\"Vous voulez adh\u00e9rer ou faire un don, c'est par ici\",\"breadcrumb\":{\"@id\":\"http:\/\/www.ag1-23soleil.fr\/wp\/association-2\/adhesions-et-dons\/#breadcrumb\"},\"inLanguage\":\"fr-FR\",\"potentialAction\":[{\"@type\":\"ReadAction\",\"target\":[\"http:\/\/www.ag1-23soleil.fr\/wp\/association-2\/adhesions-et-dons\/\"]}]},{\"@type\":\"ImageObject\",\"inLanguage\":\"fr-FR\",\"@id\":\"http:\/\/www.ag1-23soleil.fr\/wp\/association-2\/adhesions-et-dons\/#primaryimage\",\"url\":\"http:\/\/www.ag1-23soleil.fr\/wp\/wp-content\/uploads\/2019\/08\/Slide_015.jpg\",\"contentUrl\":\"http:\/\/www.ag1-23soleil.fr\/wp\/wp-content\/uploads\/2019\/08\/Slide_015.jpg\",\"width\":960,\"height\":350,\"caption\":\"Association AG1-23SOLEIL\"},{\"@type\":\"BreadcrumbList\",\"@id\":\"http:\/\/www.ag1-23soleil.fr\/wp\/association-2\/adhesions-et-dons\/#breadcrumb\",\"itemListElement\":[{\"@type\":\"ListItem\",\"position\":1,\"name\":\"Accueil\",\"item\":\"http:\/\/www.ag1-23soleil.fr\/wp\/\"},{\"@type\":\"ListItem\",\"position\":2,\"name\":\"Association\",\"item\":\"http:\/\/www.ag1-23soleil.fr\/wp\/association-2\/\"},{\"@type\":\"ListItem\",\"position\":3,\"name\":\"Adh\u00e9sions et Dons\"}]},{\"@type\":\"WebSite\",\"@id\":\"http:\/\/www.ag1-23soleil.fr\/wp\/#website\",\"url\":\"http:\/\/www.ag1-23soleil.fr\/wp\/\",\"name\":\"Association AG1-23 SOLEIL\",\"description\":\"\",\"publisher\":{\"@id\":\"http:\/\/www.ag1-23soleil.fr\/wp\/#organization\"},\"potentialAction\":[{\"@type\":\"SearchAction\",\"target\":{\"@type\":\"EntryPoint\",\"urlTemplate\":\"http:\/\/www.ag1-23soleil.fr\/wp\/?s={search_term_string}\"},\"query-input\":{\"@type\":\"PropertyValueSpecification\",\"valueRequired\":true,\"valueName\":\"search_term_string\"}}],\"inLanguage\":\"fr-FR\"},{\"@type\":\"Organization\",\"@id\":\"http:\/\/www.ag1-23soleil.fr\/wp\/#organization\",\"name\":\"Association AG1-23 SOLEIL\",\"url\":\"http:\/\/www.ag1-23soleil.fr\/wp\/\",\"logo\":{\"@type\":\"ImageObject\",\"inLanguage\":\"fr-FR\",\"@id\":\"http:\/\/www.ag1-23soleil.fr\/wp\/#\/schema\/logo\/image\/\",\"url\":\"http:\/\/www.ag1-23soleil.fr\/wp\/wp-content\/uploads\/2019\/08\/Logo_AG1_200x200.jpg\",\"contentUrl\":\"http:\/\/www.ag1-23soleil.fr\/wp\/wp-content\/uploads\/2019\/08\/Logo_AG1_200x200.jpg\",\"width\":200,\"height\":200,\"caption\":\"Association AG1-23 SOLEIL\"},\"image\":{\"@id\":\"http:\/\/www.ag1-23soleil.fr\/wp\/#\/schema\/logo\/image\/\"}}]}<\/script>\n<!-- \/ Yoast SEO plugin. -->","yoast_head_json":{"title":"Adh\u00e9sions et Dons - Association AG1-23 SOLEIL","description":"Vous voulez adh\u00e9rer ou faire un don, c'est par ici","robots":{"index":"index","follow":"follow","max-snippet":"max-snippet:-1","max-image-preview":"max-image-preview:large","max-video-preview":"max-video-preview:-1"},"canonical":"http:\/\/www.ag1-23soleil.fr\/wp\/association-2\/adhesions-et-dons\/","og_locale":"fr_FR","og_type":"article","og_title":"Adh\u00e9sions et Dons - Association AG1-23 SOLEIL","og_description":"Vous voulez adh\u00e9rer ou faire un don, c'est par ici","og_url":"http:\/\/www.ag1-23soleil.fr\/wp\/association-2\/adhesions-et-dons\/","og_site_name":"Association AG1-23 SOLEIL","article_modified_time":"2026-02-27T17:21:54+00:00","og_image":[{"width":960,"height":350,"url":"http:\/\/www.ag1-23soleil.fr\/wp\/wp-content\/uploads\/2019\/08\/Slide_015.jpg","type":"image\/jpeg"}],"twitter_card":"summary_large_image","twitter_misc":{"Dur\u00e9e de lecture estim\u00e9e":"1 minute"},"schema":{"@context":"https:\/\/schema.org","@graph":[{"@type":"WebPage","@id":"http:\/\/www.ag1-23soleil.fr\/wp\/association-2\/adhesions-et-dons\/","url":"http:\/\/www.ag1-23soleil.fr\/wp\/association-2\/adhesions-et-dons\/","name":"Adh\u00e9sions et Dons - Association AG1-23 SOLEIL","isPartOf":{"@id":"http:\/\/www.ag1-23soleil.fr\/wp\/#website"},"primaryImageOfPage":{"@id":"http:\/\/www.ag1-23soleil.fr\/wp\/association-2\/adhesions-et-dons\/#primaryimage"},"image":{"@id":"http:\/\/www.ag1-23soleil.fr\/wp\/association-2\/adhesions-et-dons\/#primaryimage"},"thumbnailUrl":"http:\/\/www.ag1-23soleil.fr\/wp\/wp-content\/uploads\/2019\/08\/Slide_015.jpg","datePublished":"2017-02-21T20:53:22+00:00","dateModified":"2026-02-27T17:21:54+00:00","description":"Vous voulez adh\u00e9rer ou faire un don, c'est par ici","breadcrumb":{"@id":"http:\/\/www.ag1-23soleil.fr\/wp\/association-2\/adhesions-et-dons\/#breadcrumb"},"inLanguage":"fr-FR","potentialAction":[{"@type":"ReadAction","target":["http:\/\/www.ag1-23soleil.fr\/wp\/association-2\/adhesions-et-dons\/"]}]},{"@type":"ImageObject","inLanguage":"fr-FR","@id":"http:\/\/www.ag1-23soleil.fr\/wp\/association-2\/adhesions-et-dons\/#primaryimage","url":"http:\/\/www.ag1-23soleil.fr\/wp\/wp-content\/uploads\/2019\/08\/Slide_015.jpg","contentUrl":"http:\/\/www.ag1-23soleil.fr\/wp\/wp-content\/uploads\/2019\/08\/Slide_015.jpg","width":960,"height":350,"caption":"Association AG1-23SOLEIL"},{"@type":"BreadcrumbList","@id":"http:\/\/www.ag1-23soleil.fr\/wp\/association-2\/adhesions-et-dons\/#breadcrumb","itemListElement":[{"@type":"ListItem","position":1,"name":"Accueil","item":"http:\/\/www.ag1-23soleil.fr\/wp\/"},{"@type":"ListItem","position":2,"name":"Association","item":"http:\/\/www.ag1-23soleil.fr\/wp\/association-2\/"},{"@type":"ListItem","position":3,"name":"Adh\u00e9sions et Dons"}]},{"@type":"WebSite","@id":"http:\/\/www.ag1-23soleil.fr\/wp\/#website","url":"http:\/\/www.ag1-23soleil.fr\/wp\/","name":"Association AG1-23 SOLEIL","description":"","publisher":{"@id":"http:\/\/www.ag1-23soleil.fr\/wp\/#organization"},"potentialAction":[{"@type":"SearchAction","target":{"@type":"EntryPoint","urlTemplate":"http:\/\/www.ag1-23soleil.fr\/wp\/?s={search_term_string}"},"query-input":{"@type":"PropertyValueSpecification","valueRequired":true,"valueName":"search_term_string"}}],"inLanguage":"fr-FR"},{"@type":"Organization","@id":"http:\/\/www.ag1-23soleil.fr\/wp\/#organization","name":"Association AG1-23 SOLEIL","url":"http:\/\/www.ag1-23soleil.fr\/wp\/","logo":{"@type":"ImageObject","inLanguage":"fr-FR","@id":"http:\/\/www.ag1-23soleil.fr\/wp\/#\/schema\/logo\/image\/","url":"http:\/\/www.ag1-23soleil.fr\/wp\/wp-content\/uploads\/2019\/08\/Logo_AG1_200x200.jpg","contentUrl":"http:\/\/www.ag1-23soleil.fr\/wp\/wp-content\/uploads\/2019\/08\/Logo_AG1_200x200.jpg","width":200,"height":200,"caption":"Association AG1-23 SOLEIL"},"image":{"@id":"http:\/\/www.ag1-23soleil.fr\/wp\/#\/schema\/logo\/image\/"}}]}},"_links":{"self":[{"href":"http:\/\/www.ag1-23soleil.fr\/wp\/wp-json\/wp\/v2\/pages\/201","targetHints":{"allow":["GET"]}}],"collection":[{"href":"http:\/\/www.ag1-23soleil.fr\/wp\/wp-json\/wp\/v2\/pages"}],"about":[{"href":"http:\/\/www.ag1-23soleil.fr\/wp\/wp-json\/wp\/v2\/types\/page"}],"author":[{"embeddable":true,"href":"http:\/\/www.ag1-23soleil.fr\/wp\/wp-json\/wp\/v2\/users\/3"}],"replies":[{"embeddable":true,"href":"http:\/\/www.ag1-23soleil.fr\/wp\/wp-json\/wp\/v2\/comments?post=201"}],"version-history":[{"count":61,"href":"http:\/\/www.ag1-23soleil.fr\/wp\/wp-json\/wp\/v2\/pages\/201\/revisions"}],"predecessor-version":[{"id":2398,"href":"http:\/\/www.ag1-23soleil.fr\/wp\/wp-json\/wp\/v2\/pages\/201\/revisions\/2398"}],"up":[{"embeddable":true,"href":"http:\/\/www.ag1-23soleil.fr\/wp\/wp-json\/wp\/v2\/pages\/279"}],"wp:featuredmedia":[{"embeddable":true,"href":"http:\/\/www.ag1-23soleil.fr\/wp\/wp-json\/wp\/v2\/media\/814"}],"wp:attachment":[{"href":"http:\/\/www.ag1-23soleil.fr\/wp\/wp-json\/wp\/v2\/media?parent=201"}],"curies":[{"name":"wp","href":"https:\/\/api.w.org\/{rel}","templated":true}]}}