{"id":528,"date":"2017-06-04T15:22:54","date_gmt":"2017-06-04T13:22:54","guid":{"rendered":"http:\/\/www.ag1-23soleil.fr\/wp\/?page_id=528"},"modified":"2020-12-14T23:21:10","modified_gmt":"2020-12-14T22:21:10","slug":"lou","status":"publish","type":"page","link":"http:\/\/www.ag1-23soleil.fr\/wp\/temoignages\/lou\/","title":{"rendered":"Lou"},"content":{"rendered":"\t\t<div data-elementor-type=\"wp-page\" data-elementor-id=\"528\" class=\"elementor elementor-528\" data-elementor-settings=\"{&quot;ha_cmc_init_switcher&quot;:&quot;no&quot;}\">\n\t\t\t\t\t\t<section class=\"elementor-section elementor-top-section elementor-element elementor-element-99908f2 elementor-section-stretched elementor-section-boxed elementor-section-height-default elementor-section-height-default\" data-id=\"99908f2\" data-element_type=\"section\" data-e-type=\"section\" data-settings=\"{&quot;stretch_section&quot;:&quot;section-stretched&quot;,&quot;_ha_eqh_enable&quot;:false}\">\n\t\t\t\t\t\t<div class=\"elementor-container elementor-column-gap-default\">\n\t\t\t\t\t<div class=\"elementor-column elementor-col-100 elementor-top-column elementor-element elementor-element-2ef872e\" data-id=\"2ef872e\" data-element_type=\"column\" data-e-type=\"column\" data-settings=\"{&quot;background_background&quot;:&quot;classic&quot;}\">\n\t\t\t<div class=\"elementor-widget-wrap elementor-element-populated\">\n\t\t\t\t\t\t<div class=\"elementor-element elementor-element-2805ff3 elementor-widget elementor-widget-heading\" data-id=\"2805ff3\" data-element_type=\"widget\" data-e-type=\"widget\" data-widget_type=\"heading.default\">\n\t\t\t\t<div class=\"elementor-widget-container\">\n\t\t\t\t\t<h1 class=\"elementor-heading-title elementor-size-default\">Lou<\/h1>\t\t\t\t<\/div>\n\t\t\t\t<\/div>\n\t\t\t\t<section class=\"elementor-section elementor-inner-section elementor-element elementor-element-a468c54 elementor-section-full_width elementor-section-height-default elementor-section-height-default\" data-id=\"a468c54\" data-element_type=\"section\" data-e-type=\"section\" data-settings=\"{&quot;_ha_eqh_enable&quot;:false}\">\n\t\t\t\t\t\t<div class=\"elementor-container elementor-column-gap-default\">\n\t\t\t\t\t<div class=\"elementor-column elementor-col-50 elementor-inner-column elementor-element elementor-element-3702ef7\" data-id=\"3702ef7\" data-element_type=\"column\" data-e-type=\"column\">\n\t\t\t<div class=\"elementor-widget-wrap elementor-element-populated\">\n\t\t\t\t\t\t<div class=\"elementor-element elementor-element-b93b445 elementor-widget elementor-widget-image\" data-id=\"b93b445\" data-element_type=\"widget\" data-e-type=\"widget\" data-widget_type=\"image.default\">\n\t\t\t\t<div class=\"elementor-widget-container\">\n\t\t\t\t\t\t\t\t\t\t\t\t\t\t\t<img fetchpriority=\"high\" decoding=\"async\" width=\"300\" height=\"225\" src=\"http:\/\/www.ag1-23soleil.fr\/wp\/wp-content\/uploads\/2017\/06\/lou01-e1496582504337.jpg\" class=\"attachment-large size-large wp-image-529\" alt=\"\" \/>\t\t\t\t\t\t\t\t\t\t\t\t\t\t\t<\/div>\n\t\t\t\t<\/div>\n\t\t\t\t\t<\/div>\n\t\t<\/div>\n\t\t\t\t<div class=\"elementor-column elementor-col-50 elementor-inner-column elementor-element elementor-element-bd31f46\" data-id=\"bd31f46\" data-element_type=\"column\" data-e-type=\"column\">\n\t\t\t<div class=\"elementor-widget-wrap elementor-element-populated\">\n\t\t\t\t\t\t<div class=\"elementor-element elementor-element-8e60751 elementor-widget elementor-widget-text-editor\" data-id=\"8e60751\" data-element_type=\"widget\" data-e-type=\"widget\" data-widget_type=\"text-editor.default\">\n\t\t\t\t<div class=\"elementor-widget-container\">\n\t\t\t\t\t\t\t\t\t<p>Texte de Lou :<br \/>Bonjour, c&rsquo;est Lou ! J&rsquo;ai 11 ans et \u00e7a fait un peu plus d&rsquo;un an que je sais que j&rsquo;ai cette maladie.<br \/>Je prends des m\u00e9dicaments tous les matins et soirs, mais je n&rsquo;ai pas de r\u00e9gime alimentaire (sauf si je suis malade ou que j&rsquo;ai de la fi\u00e8vre). Je rentre en 6\u00e8me \u00e0 la rentr\u00e9e prochaine. Je fais de la danse et aussi du badminton lors des activit\u00e9s extra-scolaires. Et je chante dans une chorale. J&rsquo;ai quelques difficult\u00e9s quand je dois courir et aussi pour \u00e9crire longtemps.<br \/>Sinon je suis en pleine forme et heureuse de vivre. LOU<\/p><p>Texte de Karine, sa maman :<br \/>Comme l&rsquo;a dit Lou, elle est en pleine forme et c&rsquo;est une enfant tr\u00e8s joyeuse au quotidien.<br \/>Le diagnostic d&rsquo;AG1 est arriv\u00e9 tr\u00e8s tardivement, Lou avait d\u00e9j\u00e0 10 ans car elle n&rsquo;a jamais d\u00e9compens\u00e9 de fa\u00e7on massive et \u00e0 part quelques lenteurs dans les apprentissages, elle n&rsquo;a jamais \u00e9t\u00e9 une enfant fragile au niveau de sa sant\u00e9. Cependant, d\u00e8s le 8\u00e8me mois de ma grossesse, certaines anomalies pourtant typiques des AG1 \u00e9taient d\u00e9j\u00e0 visibles (IRM f\u0153tale). Mais aucunes recherches n&rsquo;ont \u00e9t\u00e9 entreprises. Lou est n\u00e9e \u00e0 terme sans aucun souci, malgr\u00e9 un p\u00e9rim\u00e8tre cr\u00e2nien sup\u00e9rieur \u00e0 la moyenne et durant les 8 premiers mois de sa vie, Lou \u00e9tait m\u00eame en avance.<br \/>Puis 3 crises ressemblant \u00e0 de l&rsquo;\u00e9pilepsie ont ralentie la progression des acquisitions et m\u00eame la r\u00e9cup\u00e9ration des acquis a \u00e9t\u00e9 tr\u00e8s lente. Mais toujours pas de diagnostic d&rsquo;AG1. Durant sa scolarit\u00e9 en maternelle, Lou a b\u00e9n\u00e9fici\u00e9 de s\u00e9ances d&rsquo;orthophonie et de psychomotricit\u00e9 dans un CMPP, car des retards de langage et de motricit\u00e9 ont \u00e9t\u00e9 d\u00e9tect\u00e9s. C&rsquo;est \u00e0 son entr\u00e9e au CP que les difficult\u00e9s ont \u00e9t\u00e9 flagrantes : lecture tr\u00e8s compliqu\u00e9e \u00e0 maitriser et en CM1, l&rsquo;\u00e9criture laissait aussi \u00e0 d\u00e9sirer.<\/p><p>Les devoirs \u00e0 la maison (1H15 au lieu de 20 min&#8230;) \u00e9taient tr\u00e8s laborieux , malgr\u00e9 le fait qu&rsquo;il n&rsquo;y ait aucun d\u00e9ficit intellectuel ! Tout cela m&rsquo;a d\u00e9cider \u00e0 consulter un neuro-p\u00e9diatre \u00e0 Rennes et c&rsquo;est gr\u00e2ce \u00e0 une simple analyse d&rsquo;urine (!!), que l&rsquo;AG1 a \u00e9t\u00e9 enfin diagnostiqu\u00e9e. L&rsquo;organisme de Lou semble assez bien se \u00ab\u00a0d\u00e9brouiller\u00a0\u00bb avec les prot\u00e9ines, c&rsquo;est pour cette raison qu&rsquo;elle n&rsquo;a pas \u00e9t\u00e9 mise sous r\u00e9gime au quotidien. Malgr\u00e9 quelques bizarreries et un peu d&rsquo;immaturit\u00e9 chez Lou, elle est autonome : s&rsquo;habille seule (tant pis pour les \u00ab \u00e0 l&rsquo;endroits-\u00e0 l&rsquo;envers \u00bb), fait sa toilette toute seule et se rend m\u00eame \u00e0 l&rsquo;\u00e9cole \u00e0 pied sans \u00eatre accompagn\u00e9e. Et d\u00e8s Septembre, elle prendra le bus scolaire pour se rendre au coll\u00e8ge!!! Croisons les doigts&#8230;<\/p>\t\t\t\t\t\t\t\t<\/div>\n\t\t\t\t<\/div>\n\t\t\t\t\t<\/div>\n\t\t<\/div>\n\t\t\t\t\t<\/div>\n\t\t<\/section>\n\t\t\t\t\t<\/div>\n\t\t<\/div>\n\t\t\t\t\t<\/div>\n\t\t<\/section>\n\t\t\t\t<\/div>\n\t\t","protected":false},"excerpt":{"rendered":"<p>Lou Texte de Lou :Bonjour, c&rsquo;est Lou ! J&rsquo;ai 11 ans et \u00e7a fait un peu plus d&rsquo;un an que je sais que j&rsquo;ai cette maladie.Je prends des m\u00e9dicaments tous les matins et soirs, mais je n&rsquo;ai pas de r\u00e9gime alimentaire (sauf si je suis malade ou que j&rsquo;ai de la fi\u00e8vre). Je rentre en&hellip;&nbsp;<a href=\"http:\/\/www.ag1-23soleil.fr\/wp\/temoignages\/lou\/\" rel=\"bookmark\">Lire la suite &raquo;<span class=\"screen-reader-text\">Lou<\/span><\/a><\/p>\n","protected":false},"author":3,"featured_media":529,"parent":58,"menu_order":0,"comment_status":"closed","ping_status":"closed","template":"page-templates\/template-pagebuilder-full-width.php","meta":{"neve_meta_sidebar":"","neve_meta_container":"","neve_meta_enable_content_width":"off","neve_meta_content_width":0,"neve_meta_title_alignment":"","neve_meta_author_avatar":"","neve_post_elements_order":"","neve_meta_disable_header":"","neve_meta_disable_footer":"","neve_meta_disable_title":"on","footnotes":""},"class_list":["post-528","page","type-page","status-publish","has-post-thumbnail","hentry"],"yoast_head":"<!-- This site is optimized with the Yoast SEO plugin v24.3 - https:\/\/yoast.com\/wordpress\/plugins\/seo\/ -->\n<title>Lou - Association AG1-23 SOLEIL<\/title>\n<meta name=\"robots\" content=\"index, follow, max-snippet:-1, max-image-preview:large, max-video-preview:-1\" \/>\n<link rel=\"canonical\" href=\"http:\/\/www.ag1-23soleil.fr\/wp\/temoignages\/lou\/\" \/>\n<meta property=\"og:locale\" content=\"fr_FR\" \/>\n<meta property=\"og:type\" content=\"article\" \/>\n<meta property=\"og:title\" content=\"Lou - Association AG1-23 SOLEIL\" \/>\n<meta property=\"og:description\" content=\"Lou Texte de Lou :Bonjour, c&rsquo;est Lou ! J&rsquo;ai 11 ans et \u00e7a fait un peu plus d&rsquo;un an que je sais que j&rsquo;ai cette maladie.Je prends des m\u00e9dicaments tous les matins et soirs, mais je n&rsquo;ai pas de r\u00e9gime alimentaire (sauf si je suis malade ou que j&rsquo;ai de la fi\u00e8vre). Je rentre en&hellip;&nbsp;Lire la suite &raquo;Lou\" \/>\n<meta property=\"og:url\" content=\"http:\/\/www.ag1-23soleil.fr\/wp\/temoignages\/lou\/\" \/>\n<meta property=\"og:site_name\" content=\"Association AG1-23 SOLEIL\" \/>\n<meta property=\"article:modified_time\" content=\"2020-12-14T22:21:10+00:00\" \/>\n<meta property=\"og:image\" content=\"http:\/\/www.ag1-23soleil.fr\/wp\/wp-content\/uploads\/2017\/06\/lou01-e1496582504337.jpg\" \/>\n\t<meta property=\"og:image:width\" content=\"300\" \/>\n\t<meta property=\"og:image:height\" content=\"225\" \/>\n\t<meta property=\"og:image:type\" content=\"image\/jpeg\" \/>\n<meta name=\"twitter:card\" content=\"summary_large_image\" \/>\n<meta name=\"twitter:label1\" content=\"Dur\u00e9e de lecture estim\u00e9e\" \/>\n\t<meta name=\"twitter:data1\" content=\"2 minutes\" \/>\n<script type=\"application\/ld+json\" class=\"yoast-schema-graph\">{\"@context\":\"https:\/\/schema.org\",\"@graph\":[{\"@type\":\"WebPage\",\"@id\":\"http:\/\/www.ag1-23soleil.fr\/wp\/temoignages\/lou\/\",\"url\":\"http:\/\/www.ag1-23soleil.fr\/wp\/temoignages\/lou\/\",\"name\":\"Lou - Association AG1-23 SOLEIL\",\"isPartOf\":{\"@id\":\"http:\/\/www.ag1-23soleil.fr\/wp\/#website\"},\"primaryImageOfPage\":{\"@id\":\"http:\/\/www.ag1-23soleil.fr\/wp\/temoignages\/lou\/#primaryimage\"},\"image\":{\"@id\":\"http:\/\/www.ag1-23soleil.fr\/wp\/temoignages\/lou\/#primaryimage\"},\"thumbnailUrl\":\"http:\/\/www.ag1-23soleil.fr\/wp\/wp-content\/uploads\/2017\/06\/lou01-e1496582504337.jpg\",\"datePublished\":\"2017-06-04T13:22:54+00:00\",\"dateModified\":\"2020-12-14T22:21:10+00:00\",\"breadcrumb\":{\"@id\":\"http:\/\/www.ag1-23soleil.fr\/wp\/temoignages\/lou\/#breadcrumb\"},\"inLanguage\":\"fr-FR\",\"potentialAction\":[{\"@type\":\"ReadAction\",\"target\":[\"http:\/\/www.ag1-23soleil.fr\/wp\/temoignages\/lou\/\"]}]},{\"@type\":\"ImageObject\",\"inLanguage\":\"fr-FR\",\"@id\":\"http:\/\/www.ag1-23soleil.fr\/wp\/temoignages\/lou\/#primaryimage\",\"url\":\"http:\/\/www.ag1-23soleil.fr\/wp\/wp-content\/uploads\/2017\/06\/lou01-e1496582504337.jpg\",\"contentUrl\":\"http:\/\/www.ag1-23soleil.fr\/wp\/wp-content\/uploads\/2017\/06\/lou01-e1496582504337.jpg\",\"width\":300,\"height\":225},{\"@type\":\"BreadcrumbList\",\"@id\":\"http:\/\/www.ag1-23soleil.fr\/wp\/temoignages\/lou\/#breadcrumb\",\"itemListElement\":[{\"@type\":\"ListItem\",\"position\":1,\"name\":\"Accueil\",\"item\":\"http:\/\/www.ag1-23soleil.fr\/wp\/\"},{\"@type\":\"ListItem\",\"position\":2,\"name\":\"T\u00e9moignages\",\"item\":\"http:\/\/www.ag1-23soleil.fr\/wp\/temoignages\/\"},{\"@type\":\"ListItem\",\"position\":3,\"name\":\"Lou\"}]},{\"@type\":\"WebSite\",\"@id\":\"http:\/\/www.ag1-23soleil.fr\/wp\/#website\",\"url\":\"http:\/\/www.ag1-23soleil.fr\/wp\/\",\"name\":\"Association AG1-23 SOLEIL\",\"description\":\"\",\"publisher\":{\"@id\":\"http:\/\/www.ag1-23soleil.fr\/wp\/#organization\"},\"potentialAction\":[{\"@type\":\"SearchAction\",\"target\":{\"@type\":\"EntryPoint\",\"urlTemplate\":\"http:\/\/www.ag1-23soleil.fr\/wp\/?s={search_term_string}\"},\"query-input\":{\"@type\":\"PropertyValueSpecification\",\"valueRequired\":true,\"valueName\":\"search_term_string\"}}],\"inLanguage\":\"fr-FR\"},{\"@type\":\"Organization\",\"@id\":\"http:\/\/www.ag1-23soleil.fr\/wp\/#organization\",\"name\":\"Association AG1-23 SOLEIL\",\"url\":\"http:\/\/www.ag1-23soleil.fr\/wp\/\",\"logo\":{\"@type\":\"ImageObject\",\"inLanguage\":\"fr-FR\",\"@id\":\"http:\/\/www.ag1-23soleil.fr\/wp\/#\/schema\/logo\/image\/\",\"url\":\"http:\/\/www.ag1-23soleil.fr\/wp\/wp-content\/uploads\/2019\/08\/Logo_AG1_200x200.jpg\",\"contentUrl\":\"http:\/\/www.ag1-23soleil.fr\/wp\/wp-content\/uploads\/2019\/08\/Logo_AG1_200x200.jpg\",\"width\":200,\"height\":200,\"caption\":\"Association AG1-23 SOLEIL\"},\"image\":{\"@id\":\"http:\/\/www.ag1-23soleil.fr\/wp\/#\/schema\/logo\/image\/\"}}]}<\/script>\n<!-- \/ Yoast SEO plugin. -->","yoast_head_json":{"title":"Lou - Association AG1-23 SOLEIL","robots":{"index":"index","follow":"follow","max-snippet":"max-snippet:-1","max-image-preview":"max-image-preview:large","max-video-preview":"max-video-preview:-1"},"canonical":"http:\/\/www.ag1-23soleil.fr\/wp\/temoignages\/lou\/","og_locale":"fr_FR","og_type":"article","og_title":"Lou - Association AG1-23 SOLEIL","og_description":"Lou Texte de Lou :Bonjour, c&rsquo;est Lou ! J&rsquo;ai 11 ans et \u00e7a fait un peu plus d&rsquo;un an que je sais que j&rsquo;ai cette maladie.Je prends des m\u00e9dicaments tous les matins et soirs, mais je n&rsquo;ai pas de r\u00e9gime alimentaire (sauf si je suis malade ou que j&rsquo;ai de la fi\u00e8vre). Je rentre en&hellip;&nbsp;Lire la suite &raquo;Lou","og_url":"http:\/\/www.ag1-23soleil.fr\/wp\/temoignages\/lou\/","og_site_name":"Association AG1-23 SOLEIL","article_modified_time":"2020-12-14T22:21:10+00:00","og_image":[{"width":300,"height":225,"url":"http:\/\/www.ag1-23soleil.fr\/wp\/wp-content\/uploads\/2017\/06\/lou01-e1496582504337.jpg","type":"image\/jpeg"}],"twitter_card":"summary_large_image","twitter_misc":{"Dur\u00e9e de lecture estim\u00e9e":"2 minutes"},"schema":{"@context":"https:\/\/schema.org","@graph":[{"@type":"WebPage","@id":"http:\/\/www.ag1-23soleil.fr\/wp\/temoignages\/lou\/","url":"http:\/\/www.ag1-23soleil.fr\/wp\/temoignages\/lou\/","name":"Lou - Association AG1-23 SOLEIL","isPartOf":{"@id":"http:\/\/www.ag1-23soleil.fr\/wp\/#website"},"primaryImageOfPage":{"@id":"http:\/\/www.ag1-23soleil.fr\/wp\/temoignages\/lou\/#primaryimage"},"image":{"@id":"http:\/\/www.ag1-23soleil.fr\/wp\/temoignages\/lou\/#primaryimage"},"thumbnailUrl":"http:\/\/www.ag1-23soleil.fr\/wp\/wp-content\/uploads\/2017\/06\/lou01-e1496582504337.jpg","datePublished":"2017-06-04T13:22:54+00:00","dateModified":"2020-12-14T22:21:10+00:00","breadcrumb":{"@id":"http:\/\/www.ag1-23soleil.fr\/wp\/temoignages\/lou\/#breadcrumb"},"inLanguage":"fr-FR","potentialAction":[{"@type":"ReadAction","target":["http:\/\/www.ag1-23soleil.fr\/wp\/temoignages\/lou\/"]}]},{"@type":"ImageObject","inLanguage":"fr-FR","@id":"http:\/\/www.ag1-23soleil.fr\/wp\/temoignages\/lou\/#primaryimage","url":"http:\/\/www.ag1-23soleil.fr\/wp\/wp-content\/uploads\/2017\/06\/lou01-e1496582504337.jpg","contentUrl":"http:\/\/www.ag1-23soleil.fr\/wp\/wp-content\/uploads\/2017\/06\/lou01-e1496582504337.jpg","width":300,"height":225},{"@type":"BreadcrumbList","@id":"http:\/\/www.ag1-23soleil.fr\/wp\/temoignages\/lou\/#breadcrumb","itemListElement":[{"@type":"ListItem","position":1,"name":"Accueil","item":"http:\/\/www.ag1-23soleil.fr\/wp\/"},{"@type":"ListItem","position":2,"name":"T\u00e9moignages","item":"http:\/\/www.ag1-23soleil.fr\/wp\/temoignages\/"},{"@type":"ListItem","position":3,"name":"Lou"}]},{"@type":"WebSite","@id":"http:\/\/www.ag1-23soleil.fr\/wp\/#website","url":"http:\/\/www.ag1-23soleil.fr\/wp\/","name":"Association AG1-23 SOLEIL","description":"","publisher":{"@id":"http:\/\/www.ag1-23soleil.fr\/wp\/#organization"},"potentialAction":[{"@type":"SearchAction","target":{"@type":"EntryPoint","urlTemplate":"http:\/\/www.ag1-23soleil.fr\/wp\/?s={search_term_string}"},"query-input":{"@type":"PropertyValueSpecification","valueRequired":true,"valueName":"search_term_string"}}],"inLanguage":"fr-FR"},{"@type":"Organization","@id":"http:\/\/www.ag1-23soleil.fr\/wp\/#organization","name":"Association AG1-23 SOLEIL","url":"http:\/\/www.ag1-23soleil.fr\/wp\/","logo":{"@type":"ImageObject","inLanguage":"fr-FR","@id":"http:\/\/www.ag1-23soleil.fr\/wp\/#\/schema\/logo\/image\/","url":"http:\/\/www.ag1-23soleil.fr\/wp\/wp-content\/uploads\/2019\/08\/Logo_AG1_200x200.jpg","contentUrl":"http:\/\/www.ag1-23soleil.fr\/wp\/wp-content\/uploads\/2019\/08\/Logo_AG1_200x200.jpg","width":200,"height":200,"caption":"Association AG1-23 SOLEIL"},"image":{"@id":"http:\/\/www.ag1-23soleil.fr\/wp\/#\/schema\/logo\/image\/"}}]}},"_links":{"self":[{"href":"http:\/\/www.ag1-23soleil.fr\/wp\/wp-json\/wp\/v2\/pages\/528","targetHints":{"allow":["GET"]}}],"collection":[{"href":"http:\/\/www.ag1-23soleil.fr\/wp\/wp-json\/wp\/v2\/pages"}],"about":[{"href":"http:\/\/www.ag1-23soleil.fr\/wp\/wp-json\/wp\/v2\/types\/page"}],"author":[{"embeddable":true,"href":"http:\/\/www.ag1-23soleil.fr\/wp\/wp-json\/wp\/v2\/users\/3"}],"replies":[{"embeddable":true,"href":"http:\/\/www.ag1-23soleil.fr\/wp\/wp-json\/wp\/v2\/comments?post=528"}],"version-history":[{"count":4,"href":"http:\/\/www.ag1-23soleil.fr\/wp\/wp-json\/wp\/v2\/pages\/528\/revisions"}],"predecessor-version":[{"id":1446,"href":"http:\/\/www.ag1-23soleil.fr\/wp\/wp-json\/wp\/v2\/pages\/528\/revisions\/1446"}],"up":[{"embeddable":true,"href":"http:\/\/www.ag1-23soleil.fr\/wp\/wp-json\/wp\/v2\/pages\/58"}],"wp:featuredmedia":[{"embeddable":true,"href":"http:\/\/www.ag1-23soleil.fr\/wp\/wp-json\/wp\/v2\/media\/529"}],"wp:attachment":[{"href":"http:\/\/www.ag1-23soleil.fr\/wp\/wp-json\/wp\/v2\/media?parent=528"}],"curies":[{"name":"wp","href":"https:\/\/api.w.org\/{rel}","templated":true}]}}